{"id":29,"date":"2026-01-10T18:12:59","date_gmt":"2026-01-10T16:12:59","guid":{"rendered":"https:\/\/www.synapse-asbl.be\/?page_id=29"},"modified":"2026-01-31T13:35:13","modified_gmt":"2026-01-31T11:35:13","slug":"accueil","status":"publish","type":"page","link":"https:\/\/www.synapse-asbl.be\/","title":{"rendered":"ACCUEIL"},"content":{"rendered":"\n<div class=\"wp-block-cover alignfull is-light hestia-clear-top-padding\"><span aria-hidden=\"true\" class=\"wp-block-cover__background has-white-background-color has-background-dim-100 has-background-dim\"><\/span><div class=\"wp-block-cover__inner-container is-layout-flow wp-block-cover-is-layout-flow\">\n<h2 class=\"wp-block-heading has-text-align-center has-text-color\" style=\"color:#3c4858\">Notre mission<\/h2>\n\n\n\n<div style=\"height:40px\" aria-hidden=\"true\" class=\"wp-block-spacer\"><\/div>\n\n\n\n<div class=\"wp-block-columns container is-layout-flex wp-container-core-columns-is-layout-9d6595d7 wp-block-columns-is-layout-flex\">\n<div class=\"wp-block-column is-layout-flow wp-block-column-is-layout-flow\"><div class=\"wp-block-image is-style-rounded\">\n<figure class=\"aligncenter size-large\"><img decoding=\"async\" src=\"https:\/\/www.synapse-asbl.be\/wp-content\/themes\/hestia\/assets\/img\/feat1.png\" alt=\"\" class=\"wp-image-70\"\/><\/figure>\n<\/div>\n\n\n<h5 class=\"wp-block-heading has-text-align-center has-text-color\" style=\"color:#3c4858;font-size:20px\">Leadership f\u00e9minin<\/h5>\n\n\n\n<p class=\"has-text-align-center has-black-color has-text-color\" style=\"font-size:14px\">Vous vous posez des questions sur votre activit\u00e9, votre carri\u00e8re ? Vous cherchez \u00e0 retrouver un \u00e9quilibre entre vie priv\u00e9e et vie professionnelle ? Vous souhaitez avancer avec davantage de coh\u00e9rence, de s\u00e9r\u00e9nit\u00e9 et de joie de vivre ?<\/p>\n\n\n\n<p class=\"has-text-align-center has-black-color has-text-color\" style=\"font-size:14px\">Nous vous accompagnons afin d&rsquo;atteindre votre plein potentiel, vos objectifs et d&rsquo;incarner votre essence f\u00e9minine.<\/p>\n\n\n\n<p class=\"has-text-align-center has-black-color has-text-color has-link-color wp-elements-31ef8a46bf82daa30dab4b6adf99fd54\"><\/p>\n\n\n\n<p><\/p>\n\n\n\n<div style=\"height:25px\" aria-hidden=\"true\" class=\"wp-block-spacer\"><\/div>\n<\/div>\n\n\n\n<div class=\"wp-block-column is-layout-flow wp-block-column-is-layout-flow\"><div class=\"wp-block-image is-style-rounded\">\n<figure class=\"aligncenter size-large\"><img decoding=\"async\" src=\"https:\/\/www.synapse-asbl.be\/wp-content\/themes\/hestia\/assets\/img\/feat2.png\" alt=\"\" class=\"wp-image-71\"\/><\/figure>\n<\/div>\n\n\n<h5 class=\"wp-block-heading has-text-align-center has-text-color\" style=\"color:#3c4858;font-size:20px\">Cr\u00e9er du lien<\/h5>\n\n\n\n<p class=\"has-text-align-center has-brown-color has-text-color\" style=\"font-size:14px\">Vous souhaitez g\u00e9n\u00e9rer une \u00e9nergie nouvelle au sein de votre couple ? Car le couple n&rsquo;est pas l\u00e0 pour combler les manques issus de notre histoire personnelle mais pour r\u00e9v\u00e9ler ce que chacun est invit\u00e9 \u00e0 se r\u00e9approprier. <\/p>\n\n\n\n<p class=\"has-text-align-center has-brown-color has-text-color\" style=\"font-size:14px\">L&rsquo;histoire du lien se raconte autrement et se transforme \u00e0 travers la th\u00e9rapie de couple. Le couple se vit dans un nouvel espace, celui-ci est color\u00e9 de compr\u00e9hension, d&rsquo;\u00e9coute et d&rsquo;\u00e9changes constructifs.<\/p>\n\n\n\n<p><\/p>\n\n\n\n<p><\/p>\n\n\n\n<div style=\"height:25px\" aria-hidden=\"true\" class=\"wp-block-spacer\"><\/div>\n<\/div>\n\n\n\n<div class=\"wp-block-column is-layout-flow wp-block-column-is-layout-flow\">\n<figure class=\"wp-block-gallery aligncenter has-nested-images columns-default is-cropped wp-block-gallery-1 is-layout-flex wp-block-gallery-is-layout-flex\"><div class=\"wp-block-image is-style-rounded\">\n<figure class=\"aligncenter size-large\"><img decoding=\"async\" data-id=\"72\" src=\"https:\/\/www.synapse-asbl.be\/wp-content\/themes\/hestia\/assets\/img\/feat3.png\" alt=\"\" class=\"wp-image-72\"\/><\/figure>\n<\/div><\/figure>\n\n\n\n<h5 class=\"wp-block-heading has-text-align-center has-text-color has-link-color wp-elements-89ec0aa495a47195d49a29b7c1084a01\" style=\"color:#3c4858;font-size:20px\">Formations<\/h5>\n\n\n\n<p class=\"has-text-align-center has-black-color has-text-color\" style=\"font-size:14px\">Nous vous proposons des modules sur diverses th\u00e9matiques li\u00e9es au bien-\u00eatre et \u00e0 la sant\u00e9 physique et psychique gr\u00e2ce \u00e0 diff\u00e9rents outils comme l&rsquo;EFT (Emotional Freedom Technique) ainsi que l&rsquo;El\u00e9ment Humain de Will Schutz et la m\u00e9thode AEC.<\/p>\n\n\n\n<p class=\"has-text-align-center has-black-color has-text-color\" style=\"font-size:14px\">Des modules visant \u00e0 une meilleure compr\u00e9hension de chaque personnalit\u00e9 dans le but de r\u00e9aliser sa trajectoire scolaire, professionnelle ou priv\u00e9e.<\/p>\n\n\n\n<div style=\"height:25px\" aria-hidden=\"true\" class=\"wp-block-spacer\"><\/div>\n<\/div>\n<\/div>\n\n\n\n<div style=\"height:40px\" aria-hidden=\"true\" class=\"wp-block-spacer\"><\/div>\n<\/div><\/div>\n\n\n\n<div class=\"wp-block-columns container is-layout-flex wp-container-core-columns-is-layout-9d6595d7 wp-block-columns-is-layout-flex\">\n<div class=\"wp-block-column col-md-6 col-md-offset1 is-layout-flow wp-block-column-is-layout-flow\">\n<p><\/p>\n<\/div>\n<\/div>\n","protected":false},"excerpt":{"rendered":"","protected":false},"author":1,"featured_media":0,"parent":0,"menu_order":0,"comment_status":"closed","ping_status":"closed","template":"","meta":{"footnotes":""},"class_list":["post-29","page","type-page","status-publish","hentry"],"_links":{"self":[{"href":"https:\/\/www.synapse-asbl.be\/index.php\/wp-json\/wp\/v2\/pages\/29","targetHints":{"allow":["GET"]}}],"collection":[{"href":"https:\/\/www.synapse-asbl.be\/index.php\/wp-json\/wp\/v2\/pages"}],"about":[{"href":"https:\/\/www.synapse-asbl.be\/index.php\/wp-json\/wp\/v2\/types\/page"}],"author":[{"embeddable":true,"href":"https:\/\/www.synapse-asbl.be\/index.php\/wp-json\/wp\/v2\/users\/1"}],"replies":[{"embeddable":true,"href":"https:\/\/www.synapse-asbl.be\/index.php\/wp-json\/wp\/v2\/comments?post=29"}],"version-history":[{"count":11,"href":"https:\/\/www.synapse-asbl.be\/index.php\/wp-json\/wp\/v2\/pages\/29\/revisions"}],"predecessor-version":[{"id":111,"href":"https:\/\/www.synapse-asbl.be\/index.php\/wp-json\/wp\/v2\/pages\/29\/revisions\/111"}],"wp:attachment":[{"href":"https:\/\/www.synapse-asbl.be\/index.php\/wp-json\/wp\/v2\/media?parent=29"}],"curies":[{"name":"wp","href":"https:\/\/api.w.org\/{rel}","templated":true}]}}